{"id":2,"date":"2016-07-08T21:18:58","date_gmt":"2016-07-08T19:18:58","guid":{"rendered":"http:\/\/progamestv.pl\/blog\/?page_id=2"},"modified":"2021-01-21T14:12:22","modified_gmt":"2021-01-21T13:12:22","slug":"zespol","status":"publish","type":"page","link":"https:\/\/blog.progamestv.pl\/index.php\/zespol\/","title":{"rendered":"Zesp\u00f3\u0142"},"content":{"rendered":"<div class=\"tmm_member\" style=\"text-align: center;\">\n<pre class=\"tmm_textblock\"><strong>Dzia\u0142 Og\u00f3lny:\n<\/strong>\n<img data-recalc-dims=\"1\" loading=\"lazy\" decoding=\"async\" data-attachment-id=\"2151\" data-permalink=\"https:\/\/blog.progamestv.pl\/index.php\/zespol\/pgtv-yt\/\" data-orig-file=\"https:\/\/i0.wp.com\/blog.progamestv.pl\/wp-content\/uploads\/2018\/03\/pgtv-yt.png?fit=2048%2C2048&amp;ssl=1\" data-orig-size=\"2048,2048\" data-comments-opened=\"1\" data-image-meta=\"{&quot;aperture&quot;:&quot;0&quot;,&quot;credit&quot;:&quot;&quot;,&quot;camera&quot;:&quot;&quot;,&quot;caption&quot;:&quot;&quot;,&quot;created_timestamp&quot;:&quot;0&quot;,&quot;copyright&quot;:&quot;&quot;,&quot;focal_length&quot;:&quot;0&quot;,&quot;iso&quot;:&quot;0&quot;,&quot;shutter_speed&quot;:&quot;0&quot;,&quot;title&quot;:&quot;&quot;,&quot;orientation&quot;:&quot;0&quot;}\" data-image-title=\"pgtv-yt\" data-image-description=\"\" data-image-caption=\"\" data-medium-file=\"https:\/\/i0.wp.com\/blog.progamestv.pl\/wp-content\/uploads\/2018\/03\/pgtv-yt.png?fit=300%2C300&amp;ssl=1\" data-large-file=\"https:\/\/i0.wp.com\/blog.progamestv.pl\/wp-content\/uploads\/2018\/03\/pgtv-yt.png?fit=800%2C800&amp;ssl=1\" class=\"alignnone size-thumbnail wp-image-2151\" src=\"https:\/\/i0.wp.com\/blog.progamestv.pl\/wp-content\/uploads\/2018\/03\/pgtv-yt-150x150.png?resize=100%2C100\" alt=\"\" width=\"100\" height=\"100\" srcset=\"https:\/\/i0.wp.com\/blog.progamestv.pl\/wp-content\/uploads\/2018\/03\/pgtv-yt.png?resize=150%2C150&amp;ssl=1 150w, https:\/\/i0.wp.com\/blog.progamestv.pl\/wp-content\/uploads\/2018\/03\/pgtv-yt.png?resize=300%2C300&amp;ssl=1 300w, https:\/\/i0.wp.com\/blog.progamestv.pl\/wp-content\/uploads\/2018\/03\/pgtv-yt.png?resize=768%2C768&amp;ssl=1 768w, https:\/\/i0.wp.com\/blog.progamestv.pl\/wp-content\/uploads\/2018\/03\/pgtv-yt.png?resize=1024%2C1024&amp;ssl=1 1024w, https:\/\/i0.wp.com\/blog.progamestv.pl\/wp-content\/uploads\/2018\/03\/pgtv-yt.png?w=2048&amp;ssl=1 2048w, https:\/\/i0.wp.com\/blog.progamestv.pl\/wp-content\/uploads\/2018\/03\/pgtv-yt.png?w=1600&amp;ssl=1 1600w\" sizes=\"auto, (max-width: 100px) 100vw, 100px\" \/> \n<a href=\"https:\/\/blog.progamestv.pl\/index.php\/author\/progamestv\/\"><strong>ProGamesTv<\/strong><\/a>\nW\u0142a\u015bciciel\n\n<a href=\"https:\/\/blog.progamestv.pl\/index.php\/author\/quartozane\/\">Quartozane<\/a>\nZast\u0119pca Red. Naczelnego\n \n<strong>Dzia\u0142 E-sport:\n<a href=\"https:\/\/blog.progamestv.pl\/index.php\/author\/kacbar\/\">KacBar<\/a>\n<\/strong>Redaktor\n<a href=\"https:\/\/blog.progamestv.pl\/index.php\/2020\/12\/04\/klawiatura-dla-graczy-liocat-kx-365-cm-recenzja\/\">Karmelova<\/a>\nRedaktor\n\n\n<strong>Dzia\u0142 Felieton\u00f3w:<\/strong>\n<img data-recalc-dims=\"1\" loading=\"lazy\" decoding=\"async\" data-attachment-id=\"2283\" data-permalink=\"https:\/\/blog.progamestv.pl\/index.php\/zespol\/31144129_2090421967913426_8538866034986188800_n\/\" data-orig-file=\"https:\/\/i0.wp.com\/blog.progamestv.pl\/wp-content\/uploads\/2018\/04\/31144129_2090421967913426_8538866034986188800_n.jpg?fit=288%2C288&amp;ssl=1\" data-orig-size=\"288,288\" data-comments-opened=\"1\" data-image-meta=\"{&quot;aperture&quot;:&quot;0&quot;,&quot;credit&quot;:&quot;&quot;,&quot;camera&quot;:&quot;&quot;,&quot;caption&quot;:&quot;&quot;,&quot;created_timestamp&quot;:&quot;0&quot;,&quot;copyright&quot;:&quot;&quot;,&quot;focal_length&quot;:&quot;0&quot;,&quot;iso&quot;:&quot;0&quot;,&quot;shutter_speed&quot;:&quot;0&quot;,&quot;title&quot;:&quot;&quot;,&quot;orientation&quot;:&quot;0&quot;}\" data-image-title=\"31144129_2090421967913426_8538866034986188800_n\" data-image-description=\"\" data-image-caption=\"\" data-medium-file=\"https:\/\/i0.wp.com\/blog.progamestv.pl\/wp-content\/uploads\/2018\/04\/31144129_2090421967913426_8538866034986188800_n.jpg?fit=288%2C288&amp;ssl=1\" data-large-file=\"https:\/\/i0.wp.com\/blog.progamestv.pl\/wp-content\/uploads\/2018\/04\/31144129_2090421967913426_8538866034986188800_n.jpg?fit=288%2C288&amp;ssl=1\" class=\"alignnone size-thumbnail wp-image-2283\" src=\"https:\/\/i0.wp.com\/blog.progamestv.pl\/wp-content\/uploads\/2018\/04\/31144129_2090421967913426_8538866034986188800_n-150x150.jpg?resize=100%2C100&#038;ssl=1\" width=\"100\" height=\"100\" srcset=\"https:\/\/i0.wp.com\/blog.progamestv.pl\/wp-content\/uploads\/2018\/04\/31144129_2090421967913426_8538866034986188800_n.jpg?resize=150%2C150&amp;ssl=1 150w, https:\/\/i0.wp.com\/blog.progamestv.pl\/wp-content\/uploads\/2018\/04\/31144129_2090421967913426_8538866034986188800_n.jpg?w=288&amp;ssl=1 288w\" sizes=\"auto, (max-width: 100px) 100vw, 100px\" \/>\n<a href=\"https:\/\/blog.progamestv.pl\/index.php\/author\/mroziu\/\"><strong>Mroziu\n<\/strong><\/a>Redaktor\n\n<a href=\"https:\/\/blog.progamestv.pl\/index.php\/author\/nosferatu\/\">Nosferatu<\/a>\nRedaktor\n\n<strong>Korekta:\n<\/strong>ayanami<\/pre>\n<\/div>\n","protected":false},"excerpt":{"rendered":"<p>Dzia\u0142 Og\u00f3lny: ProGamesTv W\u0142a\u015bciciel Quartozane Zast\u0119pca Red. Naczelnego Dzia\u0142 E-sport: KacBar Redaktor Karmelova Redaktor Dzia\u0142 Felieton\u00f3w: Mroziu Redaktor Nosferatu Redaktor<\/p>\n","protected":false},"author":1,"featured_media":0,"parent":0,"menu_order":0,"comment_status":"closed","ping_status":"open","template":"","meta":{"jetpack_post_was_ever_published":false,"footnotes":""},"class_list":["post-2","page","type-page","status-publish","hentry"],"jetpack_sharing_enabled":true,"jetpack_shortlink":"https:\/\/wp.me\/P8xdEP-2","jetpack_likes_enabled":true,"jetpack-related-posts":[],"_links":{"self":[{"href":"https:\/\/blog.progamestv.pl\/index.php\/wp-json\/wp\/v2\/pages\/2","targetHints":{"allow":["GET"]}}],"collection":[{"href":"https:\/\/blog.progamestv.pl\/index.php\/wp-json\/wp\/v2\/pages"}],"about":[{"href":"https:\/\/blog.progamestv.pl\/index.php\/wp-json\/wp\/v2\/types\/page"}],"author":[{"embeddable":true,"href":"https:\/\/blog.progamestv.pl\/index.php\/wp-json\/wp\/v2\/users\/1"}],"replies":[{"embeddable":true,"href":"https:\/\/blog.progamestv.pl\/index.php\/wp-json\/wp\/v2\/comments?post=2"}],"version-history":[{"count":81,"href":"https:\/\/blog.progamestv.pl\/index.php\/wp-json\/wp\/v2\/pages\/2\/revisions"}],"predecessor-version":[{"id":5638,"href":"https:\/\/blog.progamestv.pl\/index.php\/wp-json\/wp\/v2\/pages\/2\/revisions\/5638"}],"wp:attachment":[{"href":"https:\/\/blog.progamestv.pl\/index.php\/wp-json\/wp\/v2\/media?parent=2"}],"curies":[{"name":"wp","href":"https:\/\/api.w.org\/{rel}","templated":true}]}}